{"id":61,"date":"2016-10-17T14:42:57","date_gmt":"2016-10-17T14:42:57","guid":{"rendered":"http:\/\/www.demo.acmethemes.com\/education-base\/?page_id=61"},"modified":"2017-08-08T10:45:30","modified_gmt":"2017-08-08T10:45:30","slug":"biblioteca","status":"publish","type":"page","link":"https:\/\/intranet.espamol.net\/index.php\/biblioteca\/","title":{"rendered":"Biblioteca"},"content":{"rendered":"<div>\u00c9 miss\u00e3o da Biblioteca \u00e9 criar condi\u00e7\u00f5es tendentes a propiciar o desenvolvimento de compet\u00eancias, atitudes e n\u00edveis de literacia, contribuindo para a forma\u00e7\u00e3o de cidad\u00e3os mais informados, mediante o \u201cacesso livre e sem limites ao conhecimento, ao pensamento, \u00e0 cultura e \u00e0 informa\u00e7\u00e3o\u201d.<\/div>\n","protected":false},"excerpt":{"rendered":"<p>\u00c9 miss\u00e3o da Biblioteca \u00e9 criar condi\u00e7\u00f5es tendentes a propiciar o desenvolvimento de compet\u00eancias, atitudes e n\u00edveis de literacia, contribuindo para a forma\u00e7\u00e3o de cidad\u00e3os mais informados, mediante o \u201cacesso livre e sem limites ao conhecimento, ao pensamento, \u00e0 cultura e \u00e0 informa\u00e7\u00e3o\u201d.<\/p>\n","protected":false},"author":3,"featured_media":0,"parent":0,"menu_order":0,"comment_status":"closed","ping_status":"closed","template":"","meta":{"footnotes":""},"class_list":["post-61","page","type-page","status-publish","hentry"],"_links":{"self":[{"href":"https:\/\/intranet.espamol.net\/index.php\/wp-json\/wp\/v2\/pages\/61","targetHints":{"allow":["GET"]}}],"collection":[{"href":"https:\/\/intranet.espamol.net\/index.php\/wp-json\/wp\/v2\/pages"}],"about":[{"href":"https:\/\/intranet.espamol.net\/index.php\/wp-json\/wp\/v2\/types\/page"}],"author":[{"embeddable":true,"href":"https:\/\/intranet.espamol.net\/index.php\/wp-json\/wp\/v2\/users\/3"}],"replies":[{"embeddable":true,"href":"https:\/\/intranet.espamol.net\/index.php\/wp-json\/wp\/v2\/comments?post=61"}],"version-history":[{"count":5,"href":"https:\/\/intranet.espamol.net\/index.php\/wp-json\/wp\/v2\/pages\/61\/revisions"}],"predecessor-version":[{"id":464,"href":"https:\/\/intranet.espamol.net\/index.php\/wp-json\/wp\/v2\/pages\/61\/revisions\/464"}],"wp:attachment":[{"href":"https:\/\/intranet.espamol.net\/index.php\/wp-json\/wp\/v2\/media?parent=61"}],"curies":[{"name":"wp","href":"https:\/\/api.w.org\/{rel}","templated":true}]}}