{"id":55,"date":"2016-10-17T14:32:24","date_gmt":"2016-10-17T14:32:24","guid":{"rendered":"http:\/\/www.demo.acmethemes.com\/education-base\/?page_id=55"},"modified":"2017-08-04T14:51:56","modified_gmt":"2017-08-04T14:51:56","slug":"missao-visao-valores","status":"publish","type":"page","link":"https:\/\/intranet.espamol.net\/index.php\/slider\/missao-visao-valores\/","title":{"rendered":"Miss\u00e3o, Vis\u00e3o e Valores"},"content":{"rendered":"<div><strong>Miss\u00e3o<\/strong><\/div>\n<div>\u201cPromover o sucesso educativo e a responsabilidade social e c\u00edvica, numa perspetiva de envolvimento de todos os parceiros educativos, atrav\u00e9s de um servi\u00e7o de qualidade, potenciando o conhecimento e as compet\u00eancias dos alunos, de modo a que possam, no futuro,\u00a0 explorar as suas capacidades e integrar-se ativamente na sociedade.\u201d<\/div>\n<div><strong>Vis\u00e3o<\/strong><\/div>\n<div>\u201cESPAMOL um agrupamento de escolas que capacita, qualifica e cria oportunidades, tornando-se numa grande refer\u00eancia regional, correspondendo aos reais anseios da popula\u00e7\u00e3o deste Concelho.\u201d<\/div>\n<div><strong>Valores<\/strong><\/div>\n<div>Dinamismo; Responsabilidade; Partilha; Sustentabilidade; Inova\u00e7\u00e3o; Respeito<\/div>\n","protected":false},"excerpt":{"rendered":"<p>Dinamismo, Responsabilidade, Partilha, Sustentabilidade, Inova\u00e7\u00e3o e Respeito<\/p>\n","protected":false},"author":3,"featured_media":207,"parent":47,"menu_order":0,"comment_status":"closed","ping_status":"closed","template":"","meta":{"footnotes":""},"class_list":["post-55","page","type-page","status-publish","has-post-thumbnail","hentry"],"_links":{"self":[{"href":"https:\/\/intranet.espamol.net\/index.php\/wp-json\/wp\/v2\/pages\/55","targetHints":{"allow":["GET"]}}],"collection":[{"href":"https:\/\/intranet.espamol.net\/index.php\/wp-json\/wp\/v2\/pages"}],"about":[{"href":"https:\/\/intranet.espamol.net\/index.php\/wp-json\/wp\/v2\/types\/page"}],"author":[{"embeddable":true,"href":"https:\/\/intranet.espamol.net\/index.php\/wp-json\/wp\/v2\/users\/3"}],"replies":[{"embeddable":true,"href":"https:\/\/intranet.espamol.net\/index.php\/wp-json\/wp\/v2\/comments?post=55"}],"version-history":[{"count":3,"href":"https:\/\/intranet.espamol.net\/index.php\/wp-json\/wp\/v2\/pages\/55\/revisions"}],"predecessor-version":[{"id":449,"href":"https:\/\/intranet.espamol.net\/index.php\/wp-json\/wp\/v2\/pages\/55\/revisions\/449"}],"up":[{"embeddable":true,"href":"https:\/\/intranet.espamol.net\/index.php\/wp-json\/wp\/v2\/pages\/47"}],"wp:featuredmedia":[{"embeddable":true,"href":"https:\/\/intranet.espamol.net\/index.php\/wp-json\/wp\/v2\/media\/207"}],"wp:attachment":[{"href":"https:\/\/intranet.espamol.net\/index.php\/wp-json\/wp\/v2\/media?parent=55"}],"curies":[{"name":"wp","href":"https:\/\/api.w.org\/{rel}","templated":true}]}}