{"id":52,"date":"2016-10-17T13:59:36","date_gmt":"2016-10-17T13:59:36","guid":{"rendered":"http:\/\/www.demo.acmethemes.com\/education-base\/?page_id=52"},"modified":"2017-08-10T09:14:36","modified_gmt":"2017-08-10T09:14:36","slug":"a-disciplina","status":"publish","type":"page","link":"https:\/\/intranet.espamol.net\/index.php\/slider\/a-disciplina\/","title":{"rendered":"A disciplina \u00e9 a ponte entre objetivos e realiza\u00e7\u00f5es."},"content":{"rendered":"<p>A disciplina \u00e9 a ponte entre objetivos e realiza\u00e7\u00f5es<\/p>\n","protected":false},"excerpt":{"rendered":"<p>Jim Rohn.<\/p>\n","protected":false},"author":3,"featured_media":182,"parent":47,"menu_order":0,"comment_status":"closed","ping_status":"closed","template":"","meta":{"footnotes":""},"class_list":["post-52","page","type-page","status-publish","has-post-thumbnail","hentry"],"_links":{"self":[{"href":"https:\/\/intranet.espamol.net\/index.php\/wp-json\/wp\/v2\/pages\/52","targetHints":{"allow":["GET"]}}],"collection":[{"href":"https:\/\/intranet.espamol.net\/index.php\/wp-json\/wp\/v2\/pages"}],"about":[{"href":"https:\/\/intranet.espamol.net\/index.php\/wp-json\/wp\/v2\/types\/page"}],"author":[{"embeddable":true,"href":"https:\/\/intranet.espamol.net\/index.php\/wp-json\/wp\/v2\/users\/3"}],"replies":[{"embeddable":true,"href":"https:\/\/intranet.espamol.net\/index.php\/wp-json\/wp\/v2\/comments?post=52"}],"version-history":[{"count":1,"href":"https:\/\/intranet.espamol.net\/index.php\/wp-json\/wp\/v2\/pages\/52\/revisions"}],"predecessor-version":[{"id":508,"href":"https:\/\/intranet.espamol.net\/index.php\/wp-json\/wp\/v2\/pages\/52\/revisions\/508"}],"up":[{"embeddable":true,"href":"https:\/\/intranet.espamol.net\/index.php\/wp-json\/wp\/v2\/pages\/47"}],"wp:featuredmedia":[{"embeddable":true,"href":"https:\/\/intranet.espamol.net\/index.php\/wp-json\/wp\/v2\/media\/182"}],"wp:attachment":[{"href":"https:\/\/intranet.espamol.net\/index.php\/wp-json\/wp\/v2\/media?parent=52"}],"curies":[{"name":"wp","href":"https:\/\/api.w.org\/{rel}","templated":true}]}}