{"id":394,"date":"2017-03-06T05:57:20","date_gmt":"2017-03-06T05:57:20","guid":{"rendered":"http:\/\/demo.acmethemes.com\/education-base-pro\/?page_id=394"},"modified":"2017-08-10T08:57:52","modified_gmt":"2017-08-10T08:57:52","slug":"blogue-ler-hoje","status":"publish","type":"page","link":"https:\/\/intranet.espamol.net\/index.php\/servicos\/blogue-ler-hoje\/","title":{"rendered":"BLOGUE DO PROJETO LER HOJE"},"content":{"rendered":"<p>Blogue destinado a divulgar o trabalho desenvolvido no \u00e2mbito do Projeto LER+HOJE! Aqui podes partilhar as tuas leituras&#8230; Ler \u00e9 viajar no tempo e no espa\u00e7o e pode bem divertido!<\/p>\n<p><a href=\"http:\/\/partilharleituras.blogspot.pt\/\">blogue<\/a><\/p>\n","protected":false},"excerpt":{"rendered":"<p>Blogue destinado a divulgar o trabalho desenvolvido no \u00e2mbito do Projeto LER+HOJE! Aqui podes partilhar as tuas leituras&#8230; Ler \u00e9 viajar no tempo e no espa\u00e7o e pode bem divertido! blogue<\/p>\n","protected":false},"author":3,"featured_media":0,"parent":338,"menu_order":0,"comment_status":"closed","ping_status":"closed","template":"","meta":{"footnotes":""},"class_list":["post-394","page","type-page","status-publish","hentry"],"_links":{"self":[{"href":"https:\/\/intranet.espamol.net\/index.php\/wp-json\/wp\/v2\/pages\/394","targetHints":{"allow":["GET"]}}],"collection":[{"href":"https:\/\/intranet.espamol.net\/index.php\/wp-json\/wp\/v2\/pages"}],"about":[{"href":"https:\/\/intranet.espamol.net\/index.php\/wp-json\/wp\/v2\/types\/page"}],"author":[{"embeddable":true,"href":"https:\/\/intranet.espamol.net\/index.php\/wp-json\/wp\/v2\/users\/3"}],"replies":[{"embeddable":true,"href":"https:\/\/intranet.espamol.net\/index.php\/wp-json\/wp\/v2\/comments?post=394"}],"version-history":[{"count":2,"href":"https:\/\/intranet.espamol.net\/index.php\/wp-json\/wp\/v2\/pages\/394\/revisions"}],"predecessor-version":[{"id":505,"href":"https:\/\/intranet.espamol.net\/index.php\/wp-json\/wp\/v2\/pages\/394\/revisions\/505"}],"up":[{"embeddable":true,"href":"https:\/\/intranet.espamol.net\/index.php\/wp-json\/wp\/v2\/pages\/338"}],"wp:attachment":[{"href":"https:\/\/intranet.espamol.net\/index.php\/wp-json\/wp\/v2\/media?parent=394"}],"curies":[{"name":"wp","href":"https:\/\/api.w.org\/{rel}","templated":true}]}}