{"id":344,"date":"2017-02-27T11:28:08","date_gmt":"2017-02-27T11:28:08","guid":{"rendered":"http:\/\/demo.acmethemes.com\/education-base-pro\/?page_id=344"},"modified":"2017-08-10T08:42:34","modified_gmt":"2017-08-10T08:42:34","slug":"blog-frances","status":"publish","type":"page","link":"https:\/\/intranet.espamol.net\/index.php\/servicos\/blog-frances\/","title":{"rendered":"Blogue de Franc\u00eas"},"content":{"rendered":"<p><strong>BIENVENUE!<\/strong><br \/>\nVous \u00eates sur le blog du club de Fran\u00e7ais de la ESPAMOL<\/p>\n<p><strong>Horaires du CLUB<\/strong><br \/>\nLundi, Mardi et jeudi, 16h-17h<\/p>\n<p><strong>Hor\u00e1rios<\/strong><br \/>\nSegunda, ter\u00e7a e quinta 16h-17h<\/p>\n<p>Biblioteca da escola Jacinto Correia<\/p>\n<p><a href=\"http:\/\/espamol.wixsite.com\/lerendez-vous\">Blogue<\/a><\/p>\n","protected":false},"excerpt":{"rendered":"<p>BIENVENUE! Vous \u00eates sur le blog du club de Fran\u00e7ais de la ESPAMOL Horaires du CLUB Lundi, Mardi et jeudi, 16h-17h Hor\u00e1rios Segunda, ter\u00e7a e quinta 16h-17h Biblioteca da escola Jacinto Correia Blogue<\/p>\n","protected":false},"author":3,"featured_media":0,"parent":338,"menu_order":0,"comment_status":"closed","ping_status":"closed","template":"","meta":{"footnotes":""},"class_list":["post-344","page","type-page","status-publish","hentry"],"_links":{"self":[{"href":"https:\/\/intranet.espamol.net\/index.php\/wp-json\/wp\/v2\/pages\/344","targetHints":{"allow":["GET"]}}],"collection":[{"href":"https:\/\/intranet.espamol.net\/index.php\/wp-json\/wp\/v2\/pages"}],"about":[{"href":"https:\/\/intranet.espamol.net\/index.php\/wp-json\/wp\/v2\/types\/page"}],"author":[{"embeddable":true,"href":"https:\/\/intranet.espamol.net\/index.php\/wp-json\/wp\/v2\/users\/3"}],"replies":[{"embeddable":true,"href":"https:\/\/intranet.espamol.net\/index.php\/wp-json\/wp\/v2\/comments?post=344"}],"version-history":[{"count":2,"href":"https:\/\/intranet.espamol.net\/index.php\/wp-json\/wp\/v2\/pages\/344\/revisions"}],"predecessor-version":[{"id":502,"href":"https:\/\/intranet.espamol.net\/index.php\/wp-json\/wp\/v2\/pages\/344\/revisions\/502"}],"up":[{"embeddable":true,"href":"https:\/\/intranet.espamol.net\/index.php\/wp-json\/wp\/v2\/pages\/338"}],"wp:attachment":[{"href":"https:\/\/intranet.espamol.net\/index.php\/wp-json\/wp\/v2\/media?parent=344"}],"curies":[{"name":"wp","href":"https:\/\/api.w.org\/{rel}","templated":true}]}}