{"id":27,"date":"2016-10-17T13:35:34","date_gmt":"2016-10-17T13:35:34","guid":{"rendered":"http:\/\/www.demo.acmethemes.com\/education-base\/?page_id=27"},"modified":"2019-10-24T15:40:23","modified_gmt":"2019-10-24T15:40:23","slug":"conf-android","status":"publish","type":"page","link":"https:\/\/intranet.espamol.net\/index.php\/conf-android\/","title":{"rendered":"Configura\u00e7\u00e3o Android"},"content":{"rendered":"<p>Configura\u00e7\u00e3o da rede wifi minedu nos dispositivos android:<br \/>\nSelecionar rede &#8220;minedu&#8221;.<br \/>\nNa op\u00e7\u00e3o &#8220;M\u00e9todo EAP&#8221; dever\u00e1 selecionar &#8220;PEAP&#8221;.<br \/>\nNa op\u00e7\u00e3o &#8220;Autentica\u00e7\u00e3o da fase 2&#8221; dever\u00e1 selecionar a op\u00e7\u00e3o &#8220;MSCHAPV2&#8221;<br \/>\nDeixar a op\u00e7\u00e3o &#8220;Certificado CA&#8221; em branco.<br \/>\nNo campo &#8220;Identidade&#8221; colocar o nome de utilizador que usa nos computadores.<br \/>\nDeixar em branco o campo &#8220;Identidade an\u00f3nima&#8221;.<br \/>\nColocar a Palavra-passe no respectivo campo.<\/p>\n","protected":false},"excerpt":{"rendered":"<p>Configura\u00e7\u00e3o da rede wifi minedu nos dispositivos android<\/p>\n","protected":false},"author":3,"featured_media":0,"parent":0,"menu_order":0,"comment_status":"closed","ping_status":"closed","template":"","meta":{"footnotes":""},"class_list":["post-27","page","type-page","status-publish","hentry"],"_links":{"self":[{"href":"https:\/\/intranet.espamol.net\/index.php\/wp-json\/wp\/v2\/pages\/27","targetHints":{"allow":["GET"]}}],"collection":[{"href":"https:\/\/intranet.espamol.net\/index.php\/wp-json\/wp\/v2\/pages"}],"about":[{"href":"https:\/\/intranet.espamol.net\/index.php\/wp-json\/wp\/v2\/types\/page"}],"author":[{"embeddable":true,"href":"https:\/\/intranet.espamol.net\/index.php\/wp-json\/wp\/v2\/users\/3"}],"replies":[{"embeddable":true,"href":"https:\/\/intranet.espamol.net\/index.php\/wp-json\/wp\/v2\/comments?post=27"}],"version-history":[{"count":3,"href":"https:\/\/intranet.espamol.net\/index.php\/wp-json\/wp\/v2\/pages\/27\/revisions"}],"predecessor-version":[{"id":463,"href":"https:\/\/intranet.espamol.net\/index.php\/wp-json\/wp\/v2\/pages\/27\/revisions\/463"}],"wp:attachment":[{"href":"https:\/\/intranet.espamol.net\/index.php\/wp-json\/wp\/v2\/media?parent=27"}],"curies":[{"name":"wp","href":"https:\/\/api.w.org\/{rel}","templated":true}]}}