{"id":129,"date":"2016-10-17T16:55:39","date_gmt":"2016-10-17T16:55:39","guid":{"rendered":"http:\/\/www.demo.acmethemes.com\/education-base\/?page_id=129"},"modified":"2018-06-26T13:52:04","modified_gmt":"2018-06-26T13:52:04","slug":"contact","status":"publish","type":"page","link":"https:\/\/intranet.espamol.net\/index.php\/contact\/","title":{"rendered":"Contact"},"content":{"rendered":"<h4>ESPAMOL (sede de Agrupamento)<\/h4>\n<p>Telefone: 282 340 310<br \/>\nFax:282 340 319<br \/>\ne-mail: secretaria@espamol.pt<br \/>\nBairro Che-Lagoense<br \/>\n8400-999 Lagoa<\/p>\n<p>&nbsp;<\/p>\n<h4>Escola E.B. 2, 3 Jacinto Correia<\/h4>\n<p>Telefone: 282 380 200<br \/>\nFax: 282 380 219<br \/>\nUrbaniza\u00e7\u00e3o Lagoasol<br \/>\nRua Prof. Jos\u00e9 Francisco Cabrita<br \/>\n8401-853 Lagoa<\/p>\n<p>&nbsp;<\/p>\n<h4>Escola E.B 1 \/ J.I de Lagoa<\/h4>\n<p>Telefone: 282 352 645 \/ 282 341 140(J.I)<br \/>\nLargo do antigo Convento de S. Jos\u00e9<br \/>\n8400-325 Lagoa<\/p>\n<p>&nbsp;<\/p>\n<h4>Escola E.B. 1 de Carvoeiro<\/h4>\n<p>Telefone: 282 356 125<br \/>\nLargo da N\u00aa. Sr\u00aa da Encarna\u00e7\u00e3o<br \/>\n8400-513 Carvoeiro<\/p>\n<p>&nbsp;<\/p>\n<h4>Jardim de Inf\u00e2ncia de Carvoeiro<\/h4>\n<p>Telefone: 282 356 855<br \/>\nMonte de Carvoeiro<br \/>\n8400-515 Carvoeiro<\/p>\n<p>&nbsp;<\/p>\n<h4>Escola E.B.1 \/ J.I de Porches<\/h4>\n<p>Telefone: 282 342 128 \/ 282 381 157<br \/>\nRua da Escola<br \/>\n8400-470 Porches<\/p>\n<p>&nbsp;<\/p>\n","protected":false},"excerpt":{"rendered":"<p>ESPAMOL (sede de Agrupamento) Telefone: 282 340 310 Fax:282 340 319 e-mail: secretaria@espamol.pt Bairro Che-Lagoense 8400-999 Lagoa &nbsp; Escola E.B. 2, 3 Jacinto Correia Telefone: 282 380 200 Fax: 282 380 219 Urbaniza\u00e7\u00e3o Lagoasol Rua Prof. Jos\u00e9 Francisco Cabrita 8401-853 Lagoa &nbsp; Escola E.B 1 \/ J.I de Lagoa Telefone: 282 352 645 \/ 282&hellip;<\/p>\n","protected":false},"author":3,"featured_media":0,"parent":0,"menu_order":0,"comment_status":"closed","ping_status":"closed","template":"","meta":{"footnotes":""},"class_list":["post-129","page","type-page","status-publish","hentry"],"_links":{"self":[{"href":"https:\/\/intranet.espamol.net\/index.php\/wp-json\/wp\/v2\/pages\/129","targetHints":{"allow":["GET"]}}],"collection":[{"href":"https:\/\/intranet.espamol.net\/index.php\/wp-json\/wp\/v2\/pages"}],"about":[{"href":"https:\/\/intranet.espamol.net\/index.php\/wp-json\/wp\/v2\/types\/page"}],"author":[{"embeddable":true,"href":"https:\/\/intranet.espamol.net\/index.php\/wp-json\/wp\/v2\/users\/3"}],"replies":[{"embeddable":true,"href":"https:\/\/intranet.espamol.net\/index.php\/wp-json\/wp\/v2\/comments?post=129"}],"version-history":[{"count":4,"href":"https:\/\/intranet.espamol.net\/index.php\/wp-json\/wp\/v2\/pages\/129\/revisions"}],"predecessor-version":[{"id":563,"href":"https:\/\/intranet.espamol.net\/index.php\/wp-json\/wp\/v2\/pages\/129\/revisions\/563"}],"wp:attachment":[{"href":"https:\/\/intranet.espamol.net\/index.php\/wp-json\/wp\/v2\/media?parent=129"}],"curies":[{"name":"wp","href":"https:\/\/api.w.org\/{rel}","templated":true}]}}